{"id":19,"date":"2024-07-28T18:29:03","date_gmt":"2024-07-28T18:29:03","guid":{"rendered":"https:\/\/ksm-maschinenbau.de\/?page_id=19"},"modified":"2024-11-28T16:52:55","modified_gmt":"2024-11-28T16:52:55","slug":"solutions","status":"publish","type":"page","link":"https:\/\/ksm-maschinenbau.de\/de\/solutions\/","title":{"rendered":"L\u00f6sungen"},"content":{"rendered":"<h2>\n\t\tWir liefern qualitativ hochwertige L\u00f6sungen.\n\t<\/h2>\n\t\t<h2>Engineering-Beratung<\/h2>\t\t\t\n\t\t\t\t<p>Als Karl Schumacher Maschinenbau GmbH bieten wir unseren Kunden im Rahmen unserer Engineering-Beratungsleistungen, die ein hohes Ma\u00df an Fachwissen in Montagetechnologien erfordern, Leistungen von Machbarkeitsstudien, Roboter- und Montagesimulationen, Taktzeitanalysen bis hin zu Investitionskalkulationen und Angebotsunterlagen an.<\/p>\n\t\t\t\t<img loading=\"lazy\" decoding=\"async\" src=\"https:\/\/ksm-maschinenbau.de\/wp-content\/uploads\/2024\/11\/Loesungen_Foto-Engineering-Beratung-mit-weissem-Hintergrund.jpg\" alt=\"L\u00f6sungen_Foto Engineering-Beratung mit wei\u00dfem Hintergrund\" itemprop=\"image\" height=\"947\" width=\"1627\" title=\"L\u00f6sungen_Foto Engineering-Beratung mit wei\u00dfem Hintergrund\" onerror=\"this.style.display='none'\"  \/>\n\t\t\t\t<img loading=\"lazy\" decoding=\"async\" src=\"https:\/\/ksm-maschinenbau.de\/wp-content\/uploads\/2024\/08\/20231213_164144-scaled-e1724626202489.jpg\" alt=\"Turnkey\" itemprop=\"image\" height=\"1361\" width=\"1440\" title=\"20231213_164144\" onerror=\"this.style.display='none'\"  \/>\n\t\t<h2>Schl\u00fcsselfertige Roboterl\u00f6sungen<\/h2>\t\t\t\n\t\t\t\t<p>Wir bieten robotergest\u00fctzte, flexible Montageautomatisierungssysteme, die sich bei unseren Kunden aus verschiedenen Branchen durch die hohe Effizienz und Qualit\u00e4t bew\u00e4hrt haben. Vom Projektstart bis zum Projektabschluss folgen wir unseren Qualit\u00e4tsstandards und steigern diese stetig mit jedem erfolgreich abgeschlossenen, schl\u00fcsselfertigen Projekt.<\/p>\n\t\t<h2>Sondermaschinenbau<\/h2>\t\t\t\n\t\t\t\t<p>Wir entwickeln, bauen und installieren ein breites Spektrum von Sonder- oder Einzelmaschinen bis hin zu kompletten Montagelinien f\u00fcr das In- und Ausland. Unsere Maschinen kommen insbesondere bei unseren Kunden der Automobil-, Elektronik-, FMCG- oder F\u00f6rdertechnikindustrie zum Einsatz.<\/p>\n\t\t\t\t<img loading=\"lazy\" decoding=\"async\" src=\"https:\/\/ksm-maschinenbau.de\/wp-content\/uploads\/2024\/08\/DSC06380-scaled-e1728849827638.jpg\" alt=\"SpecialPurpose\" itemprop=\"image\" height=\"2214\" width=\"1757\" title=\"DSC06380\" onerror=\"this.style.display='none'\"  \/>\n\t\t\t\t<img loading=\"lazy\" decoding=\"async\" src=\"https:\/\/ksm-maschinenbau.de\/wp-content\/uploads\/2024\/08\/IMG_20210818_075242-scaled-e1724626786236.jpg\" alt=\"IMG_20210818_075242\" itemprop=\"image\" height=\"1885\" width=\"1920\" title=\"IMG_20210818_075242\" onerror=\"this.style.display='none'\"  \/>\n\t\t<h2>Standardl\u00f6sungen f\u00fcr die Rollenmontage \u200b<\/h2>\t\t\t\n\t\t\t\t<p class=\"translation-block\">Seit mehr als 25 Jahren liefern wir L\u00f6sungen f\u00fcr die Herstellung von Tragrollen f\u00fcr unsere weltweiten Kunden. Mit den auf unseren Maschinen produzierten Rollen werden bereits Tonnen von G\u00fctern gef\u00f6rdert.\nDurch ihre bew\u00e4hrte Effizienz und Qualit\u00e4t setzen unsere Maschinen Ma\u00dfst\u00e4be in der Tragrollenproduktion.<\/p>\n\t\t<h2>Modernisierungsprojekte<\/h2>\t\t\t\n\t\t\t\t<p>Abh\u00e4ngig von den Bed\u00fcrfnissen und Anforderungen unserer Kunden analysieren wir bestehende Systeme, steigern die vorhandenen Kapazit\u00e4ten der Maschinen und Anlagen, sanieren und modernisieren diese.<\/p>\n\t\t\t\t<img loading=\"lazy\" decoding=\"async\" src=\"https:\/\/ksm-maschinenbau.de\/wp-content\/uploads\/2024\/08\/20210430_113834-scaled.jpg\" alt=\"20210430_113834\" itemprop=\"image\" height=\"1244\" width=\"2560\" title=\"20210430_113834\" onerror=\"this.style.display='none'\"  \/>","protected":false},"excerpt":{"rendered":"<p>We deliver high quality solutions. Engineering Consulting\u200b As Karl Schumacher Maschinenbau GmbH, we deliver our service to our customers from feasibility studies, robotics and assembley simulations, cycle time analyses upto invesment calculations and quotation documentation as a part of our engineering consulting services that require a high level of expertise in assembly technologies. TurnKey Robotic&hellip;<\/p>","protected":false},"author":2,"featured_media":0,"parent":0,"menu_order":0,"comment_status":"closed","ping_status":"closed","template":"","meta":{"footnotes":""},"class_list":["post-19","page","type-page","status-publish","hentry"],"yoast_head":"<!-- This site is optimized with the Yoast SEO plugin v24.1 - https:\/\/yoast.com\/wordpress\/plugins\/seo\/ -->\n<title>Solutions - Karl Schumacher Maschinenbau GmbH<\/title>\n<meta name=\"robots\" content=\"index, follow, max-snippet:-1, max-image-preview:large, max-video-preview:-1\" \/>\n<link rel=\"canonical\" href=\"https:\/\/ksm-maschinenbau.de\/de\/solutions\/\" \/>\n<meta property=\"og:locale\" content=\"de_DE\" \/>\n<meta property=\"og:type\" content=\"article\" \/>\n<meta property=\"og:title\" content=\"Solutions - Karl Schumacher Maschinenbau GmbH\" \/>\n<meta property=\"og:description\" content=\"We deliver high quality solutions. Engineering Consulting\u200b As Karl Schumacher Maschinenbau GmbH, we deliver our service to our customers from feasibility studies, robotics and assembley simulations, cycle time analyses upto invesment calculations and quotation documentation as a part of our engineering consulting services that require a high level of expertise in assembly technologies. TurnKey Robotic&hellip;\" \/>\n<meta property=\"og:url\" content=\"https:\/\/ksm-maschinenbau.de\/de\/solutions\/\" \/>\n<meta property=\"og:site_name\" content=\"Karl Schumacher Maschinenbau GmbH\" \/>\n<meta property=\"article:modified_time\" content=\"2024-11-28T16:52:55+00:00\" \/>\n<meta property=\"og:image\" content=\"https:\/\/ksm-maschinenbau.de\/wp-content\/uploads\/2024\/11\/Loesungen_Foto-Engineering-Beratung-mit-weissem-Hintergrund.jpg\" \/>\n<meta name=\"twitter:card\" content=\"summary_large_image\" \/>\n<script type=\"application\/ld+json\" class=\"yoast-schema-graph\">{\"@context\":\"https:\/\/schema.org\",\"@graph\":[{\"@type\":\"WebPage\",\"@id\":\"https:\/\/ksm-maschinenbau.de\/solutions\/\",\"url\":\"https:\/\/ksm-maschinenbau.de\/solutions\/\",\"name\":\"Solutions - Karl Schumacher Maschinenbau GmbH\",\"isPartOf\":{\"@id\":\"https:\/\/ksm-maschinenbau.de\/#website\"},\"primaryImageOfPage\":{\"@id\":\"https:\/\/ksm-maschinenbau.de\/solutions\/#primaryimage\"},\"image\":{\"@id\":\"https:\/\/ksm-maschinenbau.de\/solutions\/#primaryimage\"},\"thumbnailUrl\":\"https:\/\/ksm-maschinenbau.de\/wp-content\/uploads\/2024\/11\/Loesungen_Foto-Engineering-Beratung-mit-weissem-Hintergrund.jpg\",\"datePublished\":\"2024-07-28T18:29:03+00:00\",\"dateModified\":\"2024-11-28T16:52:55+00:00\",\"breadcrumb\":{\"@id\":\"https:\/\/ksm-maschinenbau.de\/solutions\/#breadcrumb\"},\"inLanguage\":\"de\",\"potentialAction\":[{\"@type\":\"ReadAction\",\"target\":[\"https:\/\/ksm-maschinenbau.de\/solutions\/\"]}]},{\"@type\":\"ImageObject\",\"inLanguage\":\"de\",\"@id\":\"https:\/\/ksm-maschinenbau.de\/solutions\/#primaryimage\",\"url\":\"https:\/\/ksm-maschinenbau.de\/wp-content\/uploads\/2024\/11\/Loesungen_Foto-Engineering-Beratung-mit-weissem-Hintergrund.jpg\",\"contentUrl\":\"https:\/\/ksm-maschinenbau.de\/wp-content\/uploads\/2024\/11\/Loesungen_Foto-Engineering-Beratung-mit-weissem-Hintergrund.jpg\"},{\"@type\":\"BreadcrumbList\",\"@id\":\"https:\/\/ksm-maschinenbau.de\/solutions\/#breadcrumb\",\"itemListElement\":[{\"@type\":\"ListItem\",\"position\":1,\"name\":\"Home\",\"item\":\"https:\/\/ksm-maschinenbau.de\/\"},{\"@type\":\"ListItem\",\"position\":2,\"name\":\"Solutions\"}]},{\"@type\":\"WebSite\",\"@id\":\"https:\/\/ksm-maschinenbau.de\/#website\",\"url\":\"https:\/\/ksm-maschinenbau.de\/\",\"name\":\"Karl Schumacher Maschinenbau GmbH\",\"description\":\"\",\"potentialAction\":[{\"@type\":\"SearchAction\",\"target\":{\"@type\":\"EntryPoint\",\"urlTemplate\":\"https:\/\/ksm-maschinenbau.de\/?s={search_term_string}\"},\"query-input\":{\"@type\":\"PropertyValueSpecification\",\"valueRequired\":true,\"valueName\":\"search_term_string\"}}],\"inLanguage\":\"de\"}]}<\/script>\n<!-- \/ Yoast SEO plugin. -->","yoast_head_json":{"title":"Solutions - Karl Schumacher Maschinenbau GmbH","robots":{"index":"index","follow":"follow","max-snippet":"max-snippet:-1","max-image-preview":"max-image-preview:large","max-video-preview":"max-video-preview:-1"},"canonical":"https:\/\/ksm-maschinenbau.de\/de\/solutions\/","og_locale":"de_DE","og_type":"article","og_title":"Solutions - Karl Schumacher Maschinenbau GmbH","og_description":"We deliver high quality solutions. Engineering Consulting\u200b As Karl Schumacher Maschinenbau GmbH, we deliver our service to our customers from feasibility studies, robotics and assembley simulations, cycle time analyses upto invesment calculations and quotation documentation as a part of our engineering consulting services that require a high level of expertise in assembly technologies. TurnKey Robotic&hellip;","og_url":"https:\/\/ksm-maschinenbau.de\/de\/solutions\/","og_site_name":"Karl Schumacher Maschinenbau GmbH","article_modified_time":"2024-11-28T16:52:55+00:00","og_image":[{"url":"https:\/\/ksm-maschinenbau.de\/wp-content\/uploads\/2024\/11\/Loesungen_Foto-Engineering-Beratung-mit-weissem-Hintergrund.jpg","type":"","width":"","height":""}],"twitter_card":"summary_large_image","schema":{"@context":"https:\/\/schema.org","@graph":[{"@type":"WebPage","@id":"https:\/\/ksm-maschinenbau.de\/solutions\/","url":"https:\/\/ksm-maschinenbau.de\/solutions\/","name":"Solutions - Karl Schumacher Maschinenbau GmbH","isPartOf":{"@id":"https:\/\/ksm-maschinenbau.de\/#website"},"primaryImageOfPage":{"@id":"https:\/\/ksm-maschinenbau.de\/solutions\/#primaryimage"},"image":{"@id":"https:\/\/ksm-maschinenbau.de\/solutions\/#primaryimage"},"thumbnailUrl":"https:\/\/ksm-maschinenbau.de\/wp-content\/uploads\/2024\/11\/Loesungen_Foto-Engineering-Beratung-mit-weissem-Hintergrund.jpg","datePublished":"2024-07-28T18:29:03+00:00","dateModified":"2024-11-28T16:52:55+00:00","breadcrumb":{"@id":"https:\/\/ksm-maschinenbau.de\/solutions\/#breadcrumb"},"inLanguage":"de","potentialAction":[{"@type":"ReadAction","target":["https:\/\/ksm-maschinenbau.de\/solutions\/"]}]},{"@type":"ImageObject","inLanguage":"de","@id":"https:\/\/ksm-maschinenbau.de\/solutions\/#primaryimage","url":"https:\/\/ksm-maschinenbau.de\/wp-content\/uploads\/2024\/11\/Loesungen_Foto-Engineering-Beratung-mit-weissem-Hintergrund.jpg","contentUrl":"https:\/\/ksm-maschinenbau.de\/wp-content\/uploads\/2024\/11\/Loesungen_Foto-Engineering-Beratung-mit-weissem-Hintergrund.jpg"},{"@type":"BreadcrumbList","@id":"https:\/\/ksm-maschinenbau.de\/solutions\/#breadcrumb","itemListElement":[{"@type":"ListItem","position":1,"name":"Home","item":"https:\/\/ksm-maschinenbau.de\/"},{"@type":"ListItem","position":2,"name":"Solutions"}]},{"@type":"WebSite","@id":"https:\/\/ksm-maschinenbau.de\/#website","url":"https:\/\/ksm-maschinenbau.de\/","name":"Karl Schumacher Maschinenbau GmbH","description":"","potentialAction":[{"@type":"SearchAction","target":{"@type":"EntryPoint","urlTemplate":"https:\/\/ksm-maschinenbau.de\/?s={search_term_string}"},"query-input":{"@type":"PropertyValueSpecification","valueRequired":true,"valueName":"search_term_string"}}],"inLanguage":"de"}]}},"_links":{"self":[{"href":"https:\/\/ksm-maschinenbau.de\/de\/wp-json\/wp\/v2\/pages\/19","targetHints":{"allow":["GET"]}}],"collection":[{"href":"https:\/\/ksm-maschinenbau.de\/de\/wp-json\/wp\/v2\/pages"}],"about":[{"href":"https:\/\/ksm-maschinenbau.de\/de\/wp-json\/wp\/v2\/types\/page"}],"author":[{"embeddable":true,"href":"https:\/\/ksm-maschinenbau.de\/de\/wp-json\/wp\/v2\/users\/2"}],"replies":[{"embeddable":true,"href":"https:\/\/ksm-maschinenbau.de\/de\/wp-json\/wp\/v2\/comments?post=19"}],"version-history":[{"count":15,"href":"https:\/\/ksm-maschinenbau.de\/de\/wp-json\/wp\/v2\/pages\/19\/revisions"}],"predecessor-version":[{"id":434,"href":"https:\/\/ksm-maschinenbau.de\/de\/wp-json\/wp\/v2\/pages\/19\/revisions\/434"}],"wp:attachment":[{"href":"https:\/\/ksm-maschinenbau.de\/de\/wp-json\/wp\/v2\/media?parent=19"}],"curies":[{"name":"wp","href":"https:\/\/api.w.org\/{rel}","templated":true}]}}