{"id":28,"date":"2024-07-28T19:12:22","date_gmt":"2024-07-28T19:12:22","guid":{"rendered":"https:\/\/ksm-maschinenbau.de\/?page_id=28"},"modified":"2024-11-28T16:54:47","modified_gmt":"2024-11-28T16:54:47","slug":"industries","status":"publish","type":"page","link":"https:\/\/ksm-maschinenbau.de\/de\/industries\/","title":{"rendered":"Branchen"},"content":{"rendered":"<h2>\n\t\tIhr L\u00f6sungspartner in Ihrer Branche!\u200b\n\t<\/h2>\n\t\t\t\t<img loading=\"lazy\" decoding=\"async\" src=\"https:\/\/ksm-maschinenbau.de\/wp-content\/uploads\/2024\/08\/shutterstock_400191652_web.jpg\" alt=\"Car,Parts,On,A,Gray,Background\" itemprop=\"image\" height=\"936\" width=\"1404\" title=\"Car,Parts,On,A,Gray,Background\" onerror=\"this.style.display='none'\"  \/>\n\t\t<h2>Automobil<\/h2>\t\t\t\n\t\t\t\t<p>Wir bieten unseren Kunden in der Automobilindustrie, mit unserer \u00fcber 60-j\u00e4hrigen Branchen- und Prozesserfahrung, ma\u00dfgeschneiderte L\u00f6sungen in den Bereichen Montagelinien, Montagemaschinen und Robotermontage.<\/p>\n<p>Wir setzen die Phasen Konzeption, Detaildesign, Linien- und Robotersimulation, Projektierung, Umsetzung, Inbetriebnahme und Service f\u00fcr unsere Kunden in Deutschland und International um. Mit der Unterst\u00fctzung unserer Muttergesellschaft Altinay Robot Technologies aus der T\u00fcrkei liefern wir unsere L\u00f6sungen weltweit dorthin, wo unsere Kunden sie ben\u00f6tigen.<\/p>\n\t\t<h2>Intralogistik \u200b<\/h2>\t\t\t\n\t\t\t\t<p>Wir produzieren Montagelinien und \u2013 maschinen zur Herstellung von Rollenb\u00f6den und Rollen, welche die Welt der Intralogistik bewegen. In diesem Zusammenhang bieten wir folgende Maschinen an:<\/p>\n<p>&#8211; Servo joining machines<br \/>&#8211; Pneumatic joining machines<br \/>&#8211; Fully and semi-automatic assembly machines<br \/>&#8211; Crimping machines for the axles<br \/>&#8211; Hose cutting machines<br \/>&#8211; various test machines<\/p>\n\t\t\t\t<img loading=\"lazy\" decoding=\"async\" src=\"https:\/\/ksm-maschinenbau.de\/wp-content\/uploads\/2024\/08\/shutterstock_1965039919_web.jpg\" alt=\"Roller,Conveyor,Of,Automatic,Production,Line,Of,Manufacturing,Process,For\" itemprop=\"image\" height=\"834\" width=\"1250\" title=\"Roller,Conveyor,Of,Automatic,Production,Line,Of,Manufacturing,Process,For\" onerror=\"this.style.display='none'\"  \/>\n\t\t\t\t<img loading=\"lazy\" decoding=\"async\" src=\"https:\/\/ksm-maschinenbau.de\/wp-content\/uploads\/2024\/08\/shutterstock_2462648641_web.jpg\" alt=\"Installed,Refrigerators,Are,Transported,By,Fully,Automated,Transportation,Belts,To\" itemprop=\"image\" height=\"1001\" width=\"1500\" title=\"Installed,Refrigerators,Are,Transported,By,Fully,Automated,Transportation,Belts,To\" onerror=\"this.style.display='none'\"  \/>\n\t\t<h2>Haushaltswaren<\/h2>\t\t\t\n\t\t\t\t<p>Von halbautomatischen Montagemaschinen bis hin zu vollautomatischen linearen Montagelinien mit End-Off-Line-Roboterverpackungsl\u00f6sungen bieten wir unseren Kunden in dieser Branche ma\u00dfgeschneiderte L\u00f6sungen.<\/p>\n\t\t<h2>Medizintechnik\u200b<\/h2>\t\t\t\n\t\t\t\t<p class=\"translation-block\">Wir entwickeln, bauen und installieren eine breite Palette an Sondermaschinen, von Einzelmaschinen bis hin zu kompletten Montagelinien f\u00fcr unsere Kunden aus der Chemie- und Medizinindustrie.\n\nMit jeder unserer Pr\u00fcfmaschinen und Montagemaschinen f\u00fcr diese spezifische Industrie verpflichten wir uns noch mehr, die Anforderungen dieses kritischen Industriezweigs zu erf\u00fcllen.<\/p>\n\t\t\t\t<img loading=\"lazy\" decoding=\"async\" src=\"https:\/\/ksm-maschinenbau.de\/wp-content\/uploads\/2024\/08\/Bild2_Industrie-Foto_Medical.png\" alt=\"Bild2_Industrie Foto_Medical\" itemprop=\"image\" height=\"232\" width=\"270\" title=\"Bild2_Industrie Foto_Medical\" onerror=\"this.style.display='none'\"  \/>\n\t\t\t\t<img loading=\"lazy\" decoding=\"async\" src=\"https:\/\/ksm-maschinenbau.de\/wp-content\/uploads\/2024\/08\/05-Konsumgueter__01.png\" alt=\"05 Konsumgueter__01\" itemprop=\"image\" height=\"440\" width=\"440\" title=\"05 Konsumgueter__01\" onerror=\"this.style.display='none'\"  \/>\n\t\t<h2>Konsumg\u00fcter<\/h2>\t\t\t\n\t\t\t\t<p class=\"translation-block\">Um die gestiegene Nachfrage der Konsumenten zu bedienen, sind die Hersteller gezwungen, ihre Produktion entsprechend anzupassen. Unsere Montagemaschinenl\u00f6sungen f\u00fcr die FMCG-Branche werden sowohl f\u00fcr die Herstellung von Produkten als auch f\u00fcr Endverpackungs- und Palletierungsl\u00f6sungen verwendet.<\/p>","protected":false},"excerpt":{"rendered":"<p>Your Solution Partner in your Industry!\u200b Automotive With our over 60 years of industry and process experience, we offer our customers in the automotive industry tailor-made solutions in the areas of assembly lines, assembly machines and robot assembly. We carry out the phases of conception, detailed design, line and robot simulation, project planning, implementation, commissioning&hellip;<\/p>","protected":false},"author":2,"featured_media":0,"parent":0,"menu_order":0,"comment_status":"closed","ping_status":"closed","template":"","meta":{"footnotes":""},"class_list":["post-28","page","type-page","status-publish","hentry"],"yoast_head":"<!-- This site is optimized with the Yoast SEO plugin v24.1 - https:\/\/yoast.com\/wordpress\/plugins\/seo\/ -->\n<title>Industries - Karl Schumacher Maschinenbau GmbH<\/title>\n<meta name=\"robots\" content=\"index, follow, max-snippet:-1, max-image-preview:large, max-video-preview:-1\" \/>\n<link rel=\"canonical\" href=\"https:\/\/ksm-maschinenbau.de\/de\/industries\/\" \/>\n<meta property=\"og:locale\" content=\"de_DE\" \/>\n<meta property=\"og:type\" content=\"article\" \/>\n<meta property=\"og:title\" content=\"Industries - Karl Schumacher Maschinenbau GmbH\" \/>\n<meta property=\"og:description\" content=\"Your Solution Partner in your Industry!\u200b Automotive With our over 60 years of industry and process experience, we offer our customers in the automotive industry tailor-made solutions in the areas of assembly lines, assembly machines and robot assembly. We carry out the phases of conception, detailed design, line and robot simulation, project planning, implementation, commissioning&hellip;\" \/>\n<meta property=\"og:url\" content=\"https:\/\/ksm-maschinenbau.de\/de\/industries\/\" \/>\n<meta property=\"og:site_name\" content=\"Karl Schumacher Maschinenbau GmbH\" \/>\n<meta property=\"article:modified_time\" content=\"2024-11-28T16:54:47+00:00\" \/>\n<meta property=\"og:image\" content=\"https:\/\/ksm-maschinenbau.de\/wp-content\/uploads\/2024\/08\/shutterstock_400191652_web.jpg\" \/>\n<meta name=\"twitter:card\" content=\"summary_large_image\" \/>\n<script type=\"application\/ld+json\" class=\"yoast-schema-graph\">{\"@context\":\"https:\/\/schema.org\",\"@graph\":[{\"@type\":\"WebPage\",\"@id\":\"https:\/\/ksm-maschinenbau.de\/industries\/\",\"url\":\"https:\/\/ksm-maschinenbau.de\/industries\/\",\"name\":\"Industries - Karl Schumacher Maschinenbau GmbH\",\"isPartOf\":{\"@id\":\"https:\/\/ksm-maschinenbau.de\/#website\"},\"primaryImageOfPage\":{\"@id\":\"https:\/\/ksm-maschinenbau.de\/industries\/#primaryimage\"},\"image\":{\"@id\":\"https:\/\/ksm-maschinenbau.de\/industries\/#primaryimage\"},\"thumbnailUrl\":\"https:\/\/ksm-maschinenbau.de\/wp-content\/uploads\/2024\/08\/shutterstock_400191652_web.jpg\",\"datePublished\":\"2024-07-28T19:12:22+00:00\",\"dateModified\":\"2024-11-28T16:54:47+00:00\",\"breadcrumb\":{\"@id\":\"https:\/\/ksm-maschinenbau.de\/industries\/#breadcrumb\"},\"inLanguage\":\"de\",\"potentialAction\":[{\"@type\":\"ReadAction\",\"target\":[\"https:\/\/ksm-maschinenbau.de\/industries\/\"]}]},{\"@type\":\"ImageObject\",\"inLanguage\":\"de\",\"@id\":\"https:\/\/ksm-maschinenbau.de\/industries\/#primaryimage\",\"url\":\"https:\/\/ksm-maschinenbau.de\/wp-content\/uploads\/2024\/08\/shutterstock_400191652_web.jpg\",\"contentUrl\":\"https:\/\/ksm-maschinenbau.de\/wp-content\/uploads\/2024\/08\/shutterstock_400191652_web.jpg\"},{\"@type\":\"BreadcrumbList\",\"@id\":\"https:\/\/ksm-maschinenbau.de\/industries\/#breadcrumb\",\"itemListElement\":[{\"@type\":\"ListItem\",\"position\":1,\"name\":\"Home\",\"item\":\"https:\/\/ksm-maschinenbau.de\/\"},{\"@type\":\"ListItem\",\"position\":2,\"name\":\"Industries\"}]},{\"@type\":\"WebSite\",\"@id\":\"https:\/\/ksm-maschinenbau.de\/#website\",\"url\":\"https:\/\/ksm-maschinenbau.de\/\",\"name\":\"Karl Schumacher Maschinenbau GmbH\",\"description\":\"\",\"potentialAction\":[{\"@type\":\"SearchAction\",\"target\":{\"@type\":\"EntryPoint\",\"urlTemplate\":\"https:\/\/ksm-maschinenbau.de\/?s={search_term_string}\"},\"query-input\":{\"@type\":\"PropertyValueSpecification\",\"valueRequired\":true,\"valueName\":\"search_term_string\"}}],\"inLanguage\":\"de\"}]}<\/script>\n<!-- \/ Yoast SEO plugin. -->","yoast_head_json":{"title":"Industries - Karl Schumacher Maschinenbau GmbH","robots":{"index":"index","follow":"follow","max-snippet":"max-snippet:-1","max-image-preview":"max-image-preview:large","max-video-preview":"max-video-preview:-1"},"canonical":"https:\/\/ksm-maschinenbau.de\/de\/industries\/","og_locale":"de_DE","og_type":"article","og_title":"Industries - Karl Schumacher Maschinenbau GmbH","og_description":"Your Solution Partner in your Industry!\u200b Automotive With our over 60 years of industry and process experience, we offer our customers in the automotive industry tailor-made solutions in the areas of assembly lines, assembly machines and robot assembly. We carry out the phases of conception, detailed design, line and robot simulation, project planning, implementation, commissioning&hellip;","og_url":"https:\/\/ksm-maschinenbau.de\/de\/industries\/","og_site_name":"Karl Schumacher Maschinenbau GmbH","article_modified_time":"2024-11-28T16:54:47+00:00","og_image":[{"url":"https:\/\/ksm-maschinenbau.de\/wp-content\/uploads\/2024\/08\/shutterstock_400191652_web.jpg","type":"","width":"","height":""}],"twitter_card":"summary_large_image","schema":{"@context":"https:\/\/schema.org","@graph":[{"@type":"WebPage","@id":"https:\/\/ksm-maschinenbau.de\/industries\/","url":"https:\/\/ksm-maschinenbau.de\/industries\/","name":"Industries - Karl Schumacher Maschinenbau GmbH","isPartOf":{"@id":"https:\/\/ksm-maschinenbau.de\/#website"},"primaryImageOfPage":{"@id":"https:\/\/ksm-maschinenbau.de\/industries\/#primaryimage"},"image":{"@id":"https:\/\/ksm-maschinenbau.de\/industries\/#primaryimage"},"thumbnailUrl":"https:\/\/ksm-maschinenbau.de\/wp-content\/uploads\/2024\/08\/shutterstock_400191652_web.jpg","datePublished":"2024-07-28T19:12:22+00:00","dateModified":"2024-11-28T16:54:47+00:00","breadcrumb":{"@id":"https:\/\/ksm-maschinenbau.de\/industries\/#breadcrumb"},"inLanguage":"de","potentialAction":[{"@type":"ReadAction","target":["https:\/\/ksm-maschinenbau.de\/industries\/"]}]},{"@type":"ImageObject","inLanguage":"de","@id":"https:\/\/ksm-maschinenbau.de\/industries\/#primaryimage","url":"https:\/\/ksm-maschinenbau.de\/wp-content\/uploads\/2024\/08\/shutterstock_400191652_web.jpg","contentUrl":"https:\/\/ksm-maschinenbau.de\/wp-content\/uploads\/2024\/08\/shutterstock_400191652_web.jpg"},{"@type":"BreadcrumbList","@id":"https:\/\/ksm-maschinenbau.de\/industries\/#breadcrumb","itemListElement":[{"@type":"ListItem","position":1,"name":"Home","item":"https:\/\/ksm-maschinenbau.de\/"},{"@type":"ListItem","position":2,"name":"Industries"}]},{"@type":"WebSite","@id":"https:\/\/ksm-maschinenbau.de\/#website","url":"https:\/\/ksm-maschinenbau.de\/","name":"Karl Schumacher Maschinenbau GmbH","description":"","potentialAction":[{"@type":"SearchAction","target":{"@type":"EntryPoint","urlTemplate":"https:\/\/ksm-maschinenbau.de\/?s={search_term_string}"},"query-input":{"@type":"PropertyValueSpecification","valueRequired":true,"valueName":"search_term_string"}}],"inLanguage":"de"}]}},"_links":{"self":[{"href":"https:\/\/ksm-maschinenbau.de\/de\/wp-json\/wp\/v2\/pages\/28","targetHints":{"allow":["GET"]}}],"collection":[{"href":"https:\/\/ksm-maschinenbau.de\/de\/wp-json\/wp\/v2\/pages"}],"about":[{"href":"https:\/\/ksm-maschinenbau.de\/de\/wp-json\/wp\/v2\/types\/page"}],"author":[{"embeddable":true,"href":"https:\/\/ksm-maschinenbau.de\/de\/wp-json\/wp\/v2\/users\/2"}],"replies":[{"embeddable":true,"href":"https:\/\/ksm-maschinenbau.de\/de\/wp-json\/wp\/v2\/comments?post=28"}],"version-history":[{"count":15,"href":"https:\/\/ksm-maschinenbau.de\/de\/wp-json\/wp\/v2\/pages\/28\/revisions"}],"predecessor-version":[{"id":435,"href":"https:\/\/ksm-maschinenbau.de\/de\/wp-json\/wp\/v2\/pages\/28\/revisions\/435"}],"wp:attachment":[{"href":"https:\/\/ksm-maschinenbau.de\/de\/wp-json\/wp\/v2\/media?parent=28"}],"curies":[{"name":"wp","href":"https:\/\/api.w.org\/{rel}","templated":true}]}}