{"id":44,"date":"2024-07-28T20:45:02","date_gmt":"2024-07-28T20:45:02","guid":{"rendered":"https:\/\/ksm-maschinenbau.de\/?page_id=44"},"modified":"2024-11-28T17:13:51","modified_gmt":"2024-11-28T17:13:51","slug":"about-us","status":"publish","type":"page","link":"https:\/\/ksm-maschinenbau.de\/de\/about-us\/","title":{"rendered":"\u00dcber uns"},"content":{"rendered":"<h2>\n\t\tWir arbeiten mit Ihnen seit \u00fcber 60 Jahren\n\t<\/h2>\n\t\t\t\t<img loading=\"lazy\" decoding=\"async\" src=\"https:\/\/ksm-maschinenbau.de\/wp-content\/uploads\/2024\/08\/01-Uber-Uns-scaled.jpg\" alt=\"01 \u00dcber Uns\" itemprop=\"image\" height=\"2275\" width=\"2560\" title=\"01 \u00dcber Uns\" onerror=\"this.style.display='none'\"  \/>\n\t\t<h2>\u00dcber uns<\/h2>\t\t\t\n\t\t\t\t<p>Ing. Karl Schumacher begann mit der Konstruktion von Sondermaschinen, bevor er vor \u00fcber 60 Jahren, im Jahr 1964, sein eigenes Unternehmen in K\u00f6ln gr\u00fcndete.<\/p>\n<p>Another pioneer, as the developer of Turkey&#8217;s first industrial robot, Mr. Hakan Altinay, trusted the proven solutions of Karl Schumacher Maschinebau GmbH and acquired the company in 2015. With this step, a new era began at KSM to achieve future goals with the support of Altinay Robot Technologies as part of Altinay Holding.<\/p>\n<p>Heute erreicht das Unternehmen Schritt f\u00fcr Schritt seine Ziele durch eine innovative, stabile Struktur. Dabei steht die Kundenzufriedenheit stets im Fokus!<\/p>\n<p>KSM entwickelt, baut und installiert eine breite Palette von Sondermaschinen, von Einzelmaschinen bis hin zu kompletten Montagelinien f\u00fcr inl\u00e4ndische und ausl\u00e4ndische M\u00e4rkte.<\/p>\n<p>Auf der ganzen Welt produzieren Kunden erfolgreich und effizient mit den Maschinen der KSM, da ma\u00dfgeschneiderte Montagel\u00f6sungen f\u00fcr ihre Bed\u00fcrfnisse entwickelt und umgesetzt werden.<\/p>\n\t\t<h3>Zertifizierung<\/h3>\t\t\t\n\t\t\t\t<p>Wir sind durch die T\u00dcV Rheinland Cert GmbH f\u00fcr das Qualit\u00e4tsmanagement-System nach DIN EN ISO 9001:2015 zertifiziert.<\/p>\n\t\t\t\t<img loading=\"lazy\" decoding=\"async\" src=\"https:\/\/ksm-maschinenbau.de\/wp-content\/uploads\/2024\/08\/cer_en.png\" alt=\"cer_en\" itemprop=\"image\" height=\"1079\" width=\"745\" title=\"cer_en\" onerror=\"this.style.display='none'\"  \/>\n\t\t\t\t<img loading=\"lazy\" decoding=\"async\" src=\"https:\/\/ksm-maschinenbau.de\/wp-content\/uploads\/2024\/08\/cer_ger.png\" alt=\"cer_ger\" itemprop=\"image\" height=\"1067\" width=\"753\" title=\"cer_ger\" onerror=\"this.style.display='none'\"  \/>\n\t\t<h2>Downloads<\/h2>\t\t\t\n\t\t\t\t<p>Image Brosch\u00fcre der Karl Schumacher Maschinenbau GmbH<\/p>\n\t\t\t<a href=\"https:\/\/ksm-maschinenbau.de\/wp-content\/uploads\/2024\/11\/Karl-Schumacher-Maschinenbau-GmbH.pdf\" title=\"Click Here\" target=\"_self\"   role=\"button\" aria-label=\"herunterladen\">\n\t\t\t\t\t\t\therunterladen\n\t\t<\/a>\n\t\t\t\t<p>our brochure &#8220;Assembly systems for support rollers&#8221;<\/p>\n\t\t\t<a href=\"https:\/\/ksm-maschinenbau.de\/wp-content\/uploads\/2024\/11\/KSM-Montageanlagen-fuer-Tragrollen.pdf\" title=\"Click Here\" target=\"_self\"   role=\"button\" aria-label=\"herunterladen\">\n\t\t\t\t\t\t\therunterladen\n\t\t<\/a>","protected":false},"excerpt":{"rendered":"<p>We have been working with you for +60 years\u200b About us Ing. Karl Schumacher started designing special machines before he founded his own company in Cologne over 60 years ago in 1964. Another pioneer, as the developer of Turkey&#8217;s first industrial robot, Mr. Hakan Altinay, trusted the proven solutions of Karl Schumacher Maschinebau GmbH and&hellip;<\/p>","protected":false},"author":2,"featured_media":0,"parent":0,"menu_order":0,"comment_status":"closed","ping_status":"closed","template":"","meta":{"footnotes":""},"class_list":["post-44","page","type-page","status-publish","hentry"],"yoast_head":"<!-- This site is optimized with the Yoast SEO plugin v24.1 - https:\/\/yoast.com\/wordpress\/plugins\/seo\/ -->\n<title>About us - Karl Schumacher Maschinenbau GmbH<\/title>\n<meta name=\"robots\" content=\"index, follow, max-snippet:-1, max-image-preview:large, max-video-preview:-1\" \/>\n<link rel=\"canonical\" href=\"https:\/\/ksm-maschinenbau.de\/de\/about-us\/\" \/>\n<meta property=\"og:locale\" content=\"de_DE\" \/>\n<meta property=\"og:type\" content=\"article\" \/>\n<meta property=\"og:title\" content=\"About us - Karl Schumacher Maschinenbau GmbH\" \/>\n<meta property=\"og:description\" content=\"We have been working with you for +60 years\u200b About us Ing. Karl Schumacher started designing special machines before he founded his own company in Cologne over 60 years ago in 1964. Another pioneer, as the developer of Turkey&#8217;s first industrial robot, Mr. Hakan Altinay, trusted the proven solutions of Karl Schumacher Maschinebau GmbH and&hellip;\" \/>\n<meta property=\"og:url\" content=\"https:\/\/ksm-maschinenbau.de\/de\/about-us\/\" \/>\n<meta property=\"og:site_name\" content=\"Karl Schumacher Maschinenbau GmbH\" \/>\n<meta property=\"article:modified_time\" content=\"2024-11-28T17:13:51+00:00\" \/>\n<meta property=\"og:image\" content=\"https:\/\/ksm-maschinenbau.de\/wp-content\/uploads\/2024\/08\/01-Uber-Uns-scaled.jpg\" \/>\n<meta name=\"twitter:card\" content=\"summary_large_image\" \/>\n<script type=\"application\/ld+json\" class=\"yoast-schema-graph\">{\"@context\":\"https:\/\/schema.org\",\"@graph\":[{\"@type\":\"WebPage\",\"@id\":\"https:\/\/ksm-maschinenbau.de\/about-us\/\",\"url\":\"https:\/\/ksm-maschinenbau.de\/about-us\/\",\"name\":\"About us - Karl Schumacher Maschinenbau GmbH\",\"isPartOf\":{\"@id\":\"https:\/\/ksm-maschinenbau.de\/#website\"},\"primaryImageOfPage\":{\"@id\":\"https:\/\/ksm-maschinenbau.de\/about-us\/#primaryimage\"},\"image\":{\"@id\":\"https:\/\/ksm-maschinenbau.de\/about-us\/#primaryimage\"},\"thumbnailUrl\":\"https:\/\/ksm-maschinenbau.de\/wp-content\/uploads\/2024\/08\/01-Uber-Uns-scaled.jpg\",\"datePublished\":\"2024-07-28T20:45:02+00:00\",\"dateModified\":\"2024-11-28T17:13:51+00:00\",\"breadcrumb\":{\"@id\":\"https:\/\/ksm-maschinenbau.de\/about-us\/#breadcrumb\"},\"inLanguage\":\"de\",\"potentialAction\":[{\"@type\":\"ReadAction\",\"target\":[\"https:\/\/ksm-maschinenbau.de\/about-us\/\"]}]},{\"@type\":\"ImageObject\",\"inLanguage\":\"de\",\"@id\":\"https:\/\/ksm-maschinenbau.de\/about-us\/#primaryimage\",\"url\":\"https:\/\/ksm-maschinenbau.de\/wp-content\/uploads\/2024\/08\/01-Uber-Uns-scaled.jpg\",\"contentUrl\":\"https:\/\/ksm-maschinenbau.de\/wp-content\/uploads\/2024\/08\/01-Uber-Uns-scaled.jpg\"},{\"@type\":\"BreadcrumbList\",\"@id\":\"https:\/\/ksm-maschinenbau.de\/about-us\/#breadcrumb\",\"itemListElement\":[{\"@type\":\"ListItem\",\"position\":1,\"name\":\"Home\",\"item\":\"https:\/\/ksm-maschinenbau.de\/\"},{\"@type\":\"ListItem\",\"position\":2,\"name\":\"About us\"}]},{\"@type\":\"WebSite\",\"@id\":\"https:\/\/ksm-maschinenbau.de\/#website\",\"url\":\"https:\/\/ksm-maschinenbau.de\/\",\"name\":\"Karl Schumacher Maschinenbau GmbH\",\"description\":\"\",\"potentialAction\":[{\"@type\":\"SearchAction\",\"target\":{\"@type\":\"EntryPoint\",\"urlTemplate\":\"https:\/\/ksm-maschinenbau.de\/?s={search_term_string}\"},\"query-input\":{\"@type\":\"PropertyValueSpecification\",\"valueRequired\":true,\"valueName\":\"search_term_string\"}}],\"inLanguage\":\"de\"}]}<\/script>\n<!-- \/ Yoast SEO plugin. -->","yoast_head_json":{"title":"About us - Karl Schumacher Maschinenbau GmbH","robots":{"index":"index","follow":"follow","max-snippet":"max-snippet:-1","max-image-preview":"max-image-preview:large","max-video-preview":"max-video-preview:-1"},"canonical":"https:\/\/ksm-maschinenbau.de\/de\/about-us\/","og_locale":"de_DE","og_type":"article","og_title":"About us - Karl Schumacher Maschinenbau GmbH","og_description":"We have been working with you for +60 years\u200b About us Ing. Karl Schumacher started designing special machines before he founded his own company in Cologne over 60 years ago in 1964. Another pioneer, as the developer of Turkey&#8217;s first industrial robot, Mr. Hakan Altinay, trusted the proven solutions of Karl Schumacher Maschinebau GmbH and&hellip;","og_url":"https:\/\/ksm-maschinenbau.de\/de\/about-us\/","og_site_name":"Karl Schumacher Maschinenbau GmbH","article_modified_time":"2024-11-28T17:13:51+00:00","og_image":[{"url":"https:\/\/ksm-maschinenbau.de\/wp-content\/uploads\/2024\/08\/01-Uber-Uns-scaled.jpg","type":"","width":"","height":""}],"twitter_card":"summary_large_image","schema":{"@context":"https:\/\/schema.org","@graph":[{"@type":"WebPage","@id":"https:\/\/ksm-maschinenbau.de\/about-us\/","url":"https:\/\/ksm-maschinenbau.de\/about-us\/","name":"About us - Karl Schumacher Maschinenbau GmbH","isPartOf":{"@id":"https:\/\/ksm-maschinenbau.de\/#website"},"primaryImageOfPage":{"@id":"https:\/\/ksm-maschinenbau.de\/about-us\/#primaryimage"},"image":{"@id":"https:\/\/ksm-maschinenbau.de\/about-us\/#primaryimage"},"thumbnailUrl":"https:\/\/ksm-maschinenbau.de\/wp-content\/uploads\/2024\/08\/01-Uber-Uns-scaled.jpg","datePublished":"2024-07-28T20:45:02+00:00","dateModified":"2024-11-28T17:13:51+00:00","breadcrumb":{"@id":"https:\/\/ksm-maschinenbau.de\/about-us\/#breadcrumb"},"inLanguage":"de","potentialAction":[{"@type":"ReadAction","target":["https:\/\/ksm-maschinenbau.de\/about-us\/"]}]},{"@type":"ImageObject","inLanguage":"de","@id":"https:\/\/ksm-maschinenbau.de\/about-us\/#primaryimage","url":"https:\/\/ksm-maschinenbau.de\/wp-content\/uploads\/2024\/08\/01-Uber-Uns-scaled.jpg","contentUrl":"https:\/\/ksm-maschinenbau.de\/wp-content\/uploads\/2024\/08\/01-Uber-Uns-scaled.jpg"},{"@type":"BreadcrumbList","@id":"https:\/\/ksm-maschinenbau.de\/about-us\/#breadcrumb","itemListElement":[{"@type":"ListItem","position":1,"name":"Home","item":"https:\/\/ksm-maschinenbau.de\/"},{"@type":"ListItem","position":2,"name":"About us"}]},{"@type":"WebSite","@id":"https:\/\/ksm-maschinenbau.de\/#website","url":"https:\/\/ksm-maschinenbau.de\/","name":"Karl Schumacher Maschinenbau GmbH","description":"","potentialAction":[{"@type":"SearchAction","target":{"@type":"EntryPoint","urlTemplate":"https:\/\/ksm-maschinenbau.de\/?s={search_term_string}"},"query-input":{"@type":"PropertyValueSpecification","valueRequired":true,"valueName":"search_term_string"}}],"inLanguage":"de"}]}},"_links":{"self":[{"href":"https:\/\/ksm-maschinenbau.de\/de\/wp-json\/wp\/v2\/pages\/44","targetHints":{"allow":["GET"]}}],"collection":[{"href":"https:\/\/ksm-maschinenbau.de\/de\/wp-json\/wp\/v2\/pages"}],"about":[{"href":"https:\/\/ksm-maschinenbau.de\/de\/wp-json\/wp\/v2\/types\/page"}],"author":[{"embeddable":true,"href":"https:\/\/ksm-maschinenbau.de\/de\/wp-json\/wp\/v2\/users\/2"}],"replies":[{"embeddable":true,"href":"https:\/\/ksm-maschinenbau.de\/de\/wp-json\/wp\/v2\/comments?post=44"}],"version-history":[{"count":25,"href":"https:\/\/ksm-maschinenbau.de\/de\/wp-json\/wp\/v2\/pages\/44\/revisions"}],"predecessor-version":[{"id":440,"href":"https:\/\/ksm-maschinenbau.de\/de\/wp-json\/wp\/v2\/pages\/44\/revisions\/440"}],"wp:attachment":[{"href":"https:\/\/ksm-maschinenbau.de\/de\/wp-json\/wp\/v2\/media?parent=44"}],"curies":[{"name":"wp","href":"https:\/\/api.w.org\/{rel}","templated":true}]}}